{"id":1000,"date":"2021-11-14T23:00:21","date_gmt":"2021-11-14T23:00:21","guid":{"rendered":"https:\/\/spintops.org\/?page_id=1000"},"modified":"2026-04-25T00:45:16","modified_gmt":"2026-04-25T00:45:16","slug":"world-spintop-contest","status":"publish","type":"page","link":"https:\/\/spintops.org\/es\/world-spintop-contest\/","title":{"rendered":"Campeonato Mundial de Trompo"},"content":{"rendered":"<ul class=\"bogo-language-switcher list-view\"><li class=\"en-US en first\"><span class=\"bogoflags bogoflags-us\"><\/span> <span class=\"bogo-language-name\"><a rel=\"alternate\" hreflang=\"en-US\" href=\"https:\/\/spintops.org\/wp-json\/wp\/v2\/pages\/1000\/\" title=\"Ingl\u00e9s\">English<\/a><\/span><\/li>\n<li class=\"es-ES es current\"><span class=\"bogoflags bogoflags-es\"><\/span> <span class=\"bogo-language-name\"><a rel=\"alternate\" hreflang=\"es-ES\" href=\"https:\/\/spintops.org\/es\/wp-json\/wp\/v2\/pages\/1000\/\" title=\"Espa\u00f1ol\" class=\"current\" aria-current=\"page\">Espa\u00f1ol<\/a><\/span><\/li>\n<li class=\"ja last\"><span class=\"bogoflags bogoflags-jp\"><\/span> <span class=\"bogo-language-name\"><a rel=\"alternate\" hreflang=\"ja\" href=\"https:\/\/spintops.org\/ja\/wp-json\/wp\/v2\/pages\/1000\/\" title=\"Japon\u00e9s\">\u65e5\u672c\u8a9e<\/a><\/span><\/li>\n<\/ul>\n\n\n\n<h2 class=\"wp-block-heading\">2026 Torneo Mundial: Tokio, Jap\u00f3n<\/h2>\n\n\n\n<p>Tendr\u00e1 lugar el 31 de octubre y 1 de noviembre<br>M\u00e1s informaci\u00f3n: <a href=\"https:\/\/spintops.org\/2026-world-contest-tokyo\/\">https:\/\/spintops.org\/2026-world-contest-tokyo\/<\/a><\/p>\n\n\n\n<p>Tambi\u00e9n campeonato mundial en l\u00ednea (fecha l\u00edmite 5 de julio)<br>M\u00e1s informaci\u00f3n: <a href=\"https:\/\/spintops.org\/2026-online-contest-rules\/\">https:\/\/spintops.org\/2026-online-contest-rules\/<\/a><\/p>\n\n\n\n<h2 class=\"wp-block-heading\">2025 Torneo Mundial: Ciudad de M\u00e9xico, M\u00e9xico<\/h2>\n\n\n\n<p>Divisi\u00f3n abierta<br>1st Place: Jun Shimamura (Japan)<br>2nd Place: Kanta Tani (Japan)<br>3rd Place: Yahir Ortega (Mexico)<br><a href=\"https:\/\/spintops.org\/2025-mexico-results\/\">Resultados completos<\/a><\/p>\n\n\n\n<figure class=\"wp-block-embed is-type-video is-provider-youtube wp-block-embed-youtube wp-embed-aspect-16-9 wp-has-aspect-ratio\"><div class=\"wp-block-embed__wrapper\">\n<iframe loading=\"lazy\" title=\"OPEN Mundial de Trompo 2025 PRIMER LUGAR JUN Shimamura #JugarTrompoEsChido #chidotrompo \" width=\"900\" height=\"506\" src=\"https:\/\/www.youtube.com\/embed\/8WPPF7vDYeU?feature=oembed\" frameborder=\"0\" allow=\"accelerometer; autoplay; clipboard-write; encrypted-media; gyroscope; picture-in-picture; web-share\" referrerpolicy=\"strict-origin-when-cross-origin\" allowfullscreen><\/iframe>\n<\/div><\/figure>\n\n\n\n<p>Tambi\u00e9n hubo un torneo mundial en l\u00ednea<br>Divisi\u00f3n abierta en l\u00ednea<br>1st Place: Takumi Kakizakai (Japan)<br>2nd Place: Jun Shimamura (Japan)<br>3rd Place: Yahir Ortega (Mexico)<br><a href=\"https:\/\/spintops.org\/2025-world-online-results\/\" target=\"_blank\" rel=\"noreferrer noopener\">Resultados completos<\/a><\/p>\n\n\n\n<h2 class=\"wp-block-heading\">Torneos Mundiales Previos:<\/h2>\n\n\n\n<h4 class=\"wp-block-heading\">2024_ Mallorca, Espa\u00f1a<\/h4>\n\n\n\n<p>Resultados Division Abierta:<br>1st Place: Kanta Tani (Japan)<br>2nd Place: Jun Shimamura (Japan)<br>3rd Place: Yahir Ortega (Mexico)<br><a href=\"https:\/\/spintops.org\/2024-mallorca-results\/\">Resultados completos<\/a><\/p>\n\n\n\n<figure class=\"wp-block-embed is-type-video is-provider-youtube wp-block-embed-youtube wp-embed-aspect-16-9 wp-has-aspect-ratio\"><div class=\"wp-block-embed__wrapper\">\n<iframe loading=\"lazy\" title=\"1st Open - Kanta Tani _ Worlds Spintop 2024, Mallorca\" width=\"900\" height=\"506\" src=\"https:\/\/www.youtube.com\/embed\/NTCeU4l7abE?feature=oembed\" frameborder=\"0\" allow=\"accelerometer; autoplay; clipboard-write; encrypted-media; gyroscope; picture-in-picture; web-share\" referrerpolicy=\"strict-origin-when-cross-origin\" allowfullscreen><\/iframe>\n<\/div><\/figure>\n\n\n\n<p>Tambi\u00e9n tuvimos un torneo mundial en l\u00ednea. Los resultados fueron:<br>Abierto: Yahir Ortega (Mexico)<br>Tradicional: Yahir Ortega (Mexico)<br>Mujeres: Ayame Saitoh (Japan)<br>J\u00f3venes: Alejandro Yhudiel (Mexico)<br><a href=\"https:\/\/spintops.org\/2024-world-online-results\/\" target=\"_blank\" rel=\"noreferrer noopener\">Resultados Completos<\/a><\/p>\n\n\n\n<p><strong>2023 _ Tokio, Jap\u00f3n<\/strong><\/p>\n\n\n\n<p>Resultados Division Abierta:<br>1st Place: Jun Shimamura (Japan)<br>2nd Place: Yahir Ortega (Mexico)<br>3rd Place: Nobuyoshi Hasegawa (Japan)<br><a href=\"https:\/\/spintops.org\/2023-tokyo-results\/\">Resultados Completos<\/a><\/p>\n\n\n\n<figure class=\"wp-block-embed is-type-video is-provider-youtube wp-block-embed-youtube wp-embed-aspect-16-9 wp-has-aspect-ratio\"><div class=\"wp-block-embed__wrapper\">\n<iframe loading=\"lazy\" title=\"1st Open Division_Jun Shimamura_ITSA 2023 World Spintop Contest\" width=\"900\" height=\"506\" src=\"https:\/\/www.youtube.com\/embed\/16Jb7TTADXg?start=102&#038;feature=oembed\" frameborder=\"0\" allow=\"accelerometer; autoplay; clipboard-write; encrypted-media; gyroscope; picture-in-picture; web-share\" referrerpolicy=\"strict-origin-when-cross-origin\" allowfullscreen><\/iframe>\n<\/div><\/figure>\n\n\n\n<p>Tambi\u00e9n hubo un mundial en l\u00ednea. Los resultados fueron<br>Open: Yahir Ortega (Mexico)<br>Traditional: Francisco Valls (Spain)<br>Women: Val Oliver (USA)<br>Youth: Braham Cortes (Mexico)<br><a href=\"https:\/\/spintops.org\/2023-world-online-results\/\">Full results<\/a><\/p>\n\n\n\n<p><strong>2022 \u2013 <\/strong>En l\u00ednea<br>Estilo libre abierto:<br>1st Place: Kanta Tani (Japan)<br>2nd Place: Marcus Heineck (USA)<br>3rd Place: Jun Shimamura (Japan)<br><a href=\"https:\/\/spintops.org\/2022-world-results\/\">Resultados completos<\/a><\/p>\n\n\n\n<figure class=\"wp-block-embed is-type-video is-provider-youtube wp-block-embed-youtube wp-embed-aspect-16-9 wp-has-aspect-ratio\"><div class=\"wp-block-embed__wrapper\">\n<iframe loading=\"lazy\" title=\"World Spintop Online Contest 2022\/Open Division\/Kanta Tani \/\u3053\u307e\u4e16\u754c\u5927\u4f1a2022\u30aa\u30fc\u30d7\u30f3\u30d5\u30ea\u30fc\u30b9\u30bf\u30a4\u30eb\u90e8\u9580\/\u8c37 \u5e79\u592a\" width=\"900\" height=\"506\" src=\"https:\/\/www.youtube.com\/embed\/qWV86K7Dlqk?feature=oembed\" frameborder=\"0\" allow=\"accelerometer; autoplay; clipboard-write; encrypted-media; gyroscope; picture-in-picture; web-share\" referrerpolicy=\"strict-origin-when-cross-origin\" allowfullscreen><\/iframe>\n<\/div><\/figure>\n\n\n\n<p> <strong>2021 &#8211; En l\u00ednea<\/strong><br>Estilo libre abierto:<br>1st Place: Kanta Tani (Japan)<br>2nd Place: Eli Hickerson (USA)<br>3rd Place: Markus Heineck (USA)  <\/p>\n\n\n\n<figure class=\"wp-block-embed is-type-video is-provider-youtube wp-block-embed-youtube wp-embed-aspect-16-9 wp-has-aspect-ratio\"><div class=\"wp-block-embed__wrapper\">\n<iframe loading=\"lazy\" title=\"World Spintop Online Contest 2021\/Open Division\/Kanta Tani \/\u3053\u307e\u4e16\u754c\u5927\u4f1a2021\u30aa\u30fc\u30d7\u30f3\u30d5\u30ea\u30fc\u30b9\u30bf\u30a4\u30eb\u90e8\u9580\/\u8c37 \u5e79\u592a\" width=\"900\" height=\"506\" src=\"https:\/\/www.youtube.com\/embed\/av4Dw26eWJ4?feature=oembed\" frameborder=\"0\" allow=\"accelerometer; autoplay; clipboard-write; encrypted-media; gyroscope; picture-in-picture; web-share\" referrerpolicy=\"strict-origin-when-cross-origin\" allowfullscreen><\/iframe>\n<\/div><\/figure>\n\n\n\n<p> <strong>2020 &#8211; En l\u00ednea<\/strong><br>Estilo libre abierto:<br>1st Place: Gillem Vizcaino (Spain)<br>2nd Place: Kanta Tani (Japan)<br>3rd Place: Gerardo Montero (Mexico)  <\/p>\n\n\n\n<figure class=\"wp-block-embed is-type-video is-provider-youtube wp-block-embed-youtube wp-embed-aspect-16-9 wp-has-aspect-ratio\"><div class=\"wp-block-embed__wrapper\">\n<iframe loading=\"lazy\" title=\"World Spintop Online Contest, Traditional &amp; Freestyle Div. Guillem Vizca\u00edno \/Balearic Islands \/Spain\" width=\"900\" height=\"506\" src=\"https:\/\/www.youtube.com\/embed\/JalsJMdoWPU?feature=oembed\" frameborder=\"0\" allow=\"accelerometer; autoplay; clipboard-write; encrypted-media; gyroscope; picture-in-picture; web-share\" referrerpolicy=\"strict-origin-when-cross-origin\" allowfullscreen><\/iframe>\n<\/div><figcaption class=\"wp-element-caption\">Guillem Vizcaino (Espa\u00f1a)<\/figcaption><\/figure>\n\n\n\n<p><strong>2019 &#8211; Cleveland, Ohio, USA<\/strong><br>Freestyle Championship:<br>1st Place (tie): Jose Madrigal (USA)<br>1st Place (tie): Eli Erickson (USA)<br>3rd Place: Takahiko Hasegawa (Japan)<\/p>\n\n\n\n<figure class=\"wp-block-embed is-type-video is-provider-youtube wp-block-embed-youtube wp-embed-aspect-16-9 wp-has-aspect-ratio\"><div class=\"wp-block-embed__wrapper\">\n<iframe loading=\"lazy\" title=\"2019World Final SPINTOP 01 Jose J Madrigal WORLD YOYO CONTEST 2019 Presented by Cloud Native Inc WYY\" width=\"900\" height=\"506\" src=\"https:\/\/www.youtube.com\/embed\/IdC2nnrcWB0?feature=oembed\" frameborder=\"0\" allow=\"accelerometer; autoplay; clipboard-write; encrypted-media; gyroscope; picture-in-picture; web-share\" referrerpolicy=\"strict-origin-when-cross-origin\" allowfullscreen><\/iframe>\n<\/div><figcaption class=\"wp-element-caption\">Jose Madrigal (USA)<\/figcaption><\/figure>\n\n\n\n<figure class=\"wp-block-embed is-type-video is-provider-vimeo wp-block-embed-vimeo wp-embed-aspect-16-9 wp-has-aspect-ratio\"><div class=\"wp-block-embed__wrapper\">\n<iframe loading=\"lazy\" title=\"World spintop freestyle 2019 Eli Hickerson (co-champion)\" src=\"https:\/\/player.vimeo.com\/video\/356696826?dnt=1&amp;app_id=122963\" width=\"900\" height=\"489\" frameborder=\"0\" allow=\"autoplay; fullscreen; picture-in-picture; clipboard-write; encrypted-media; web-share\" referrerpolicy=\"strict-origin-when-cross-origin\"><\/iframe>\n<\/div><figcaption class=\"wp-element-caption\">Eli Hickerson (USA)<\/figcaption><\/figure>\n\n\n\n<p><strong>2018 &#8211; Shanghai, China<\/strong><br>Freestyle Championship: <br>1st Place &#8211;  Kanta Tani  (Japan)<br>2nd Place &#8211; Jun Shimamura (Japan)<br>3rd Place &#8211;  Takahiko Hasegawa (Japan) <\/p>\n\n\n\n<figure class=\"wp-block-embed is-type-video is-provider-youtube wp-block-embed-youtube wp-embed-aspect-16-9 wp-has-aspect-ratio\"><div class=\"wp-block-embed__wrapper\">\n<iframe loading=\"lazy\" title=\"WYYC 2018 Spintop 1st Kanta Tani\" width=\"900\" height=\"506\" src=\"https:\/\/www.youtube.com\/embed\/x_pQZJVM6Fk?feature=oembed\" frameborder=\"0\" allow=\"accelerometer; autoplay; clipboard-write; encrypted-media; gyroscope; picture-in-picture; web-share\" referrerpolicy=\"strict-origin-when-cross-origin\" allowfullscreen><\/iframe>\n<\/div><figcaption class=\"wp-element-caption\">Kanta Tani (Japan)<\/figcaption><\/figure>\n\n\n\n<p> <strong>2017 &#8211;  Reykjavik, Iceland <\/strong><br>Freestyle Championship: <br>1st Place &#8211;   Jakub Konecny   (Czech Republic)<br>2nd Place &#8211;  Daniel Konecny  (Czech Republic)<br>3rd Place &#8211;  Jose Madrigal  (USA)  <\/p>\n\n\n\n<figure class=\"wp-block-embed is-type-video is-provider-youtube wp-block-embed-youtube wp-embed-aspect-16-9 wp-has-aspect-ratio\"><div class=\"wp-block-embed__wrapper\">\n<iframe loading=\"lazy\" title=\"2017World SPINTOP 01 Jakub Konecny\" width=\"900\" height=\"506\" src=\"https:\/\/www.youtube.com\/embed\/CVRL5azLQkY?feature=oembed\" frameborder=\"0\" allow=\"accelerometer; autoplay; clipboard-write; encrypted-media; gyroscope; picture-in-picture; web-share\" referrerpolicy=\"strict-origin-when-cross-origin\" allowfullscreen><\/iframe>\n<\/div><figcaption class=\"wp-element-caption\"> Jakub Konecny (Czech Republic)<\/figcaption><\/figure>\n\n\n\n<p> <strong>2016 &#8211; <\/strong> <strong>Cleveland, Ohio, USA <\/strong><br>Freestyle Championship:<br>1st Place: Chris Neff (USA)<br>2nd Place: Eli Erickson (USA)<br>3rd Place: Takahiko Hasegawa (Japan) <\/p>\n\n\n\n<figure class=\"wp-block-embed is-type-video is-provider-youtube wp-block-embed-youtube wp-embed-aspect-16-9 wp-has-aspect-ratio\"><div class=\"wp-block-embed__wrapper\">\n<iframe loading=\"lazy\" title=\"Chris Neff - Spin Top - 1st Place - 2016 World YoYo Contest\" width=\"900\" height=\"506\" src=\"https:\/\/www.youtube.com\/embed\/gQJJG4pQjEc?feature=oembed\" frameborder=\"0\" allow=\"accelerometer; autoplay; clipboard-write; encrypted-media; gyroscope; picture-in-picture; web-share\" referrerpolicy=\"strict-origin-when-cross-origin\" allowfullscreen><\/iframe>\n<\/div><figcaption class=\"wp-element-caption\">Chris Neff (USA)<\/figcaption><\/figure>\n\n\n\n<p><strong>2015 &#8211; Tokyo, Japan <\/strong><br>Freestyle Championship:<br>1st Place: Jorge Alcoz (Uruguay)<br>2nd Place: Kazuhito Miki  (Japan)<br>3rd Place:  Keita Watanabe  (Japan)  <\/p>\n\n\n\n<figure class=\"wp-block-embed is-type-video is-provider-youtube wp-block-embed-youtube wp-embed-aspect-16-9 wp-has-aspect-ratio\"><div class=\"wp-block-embed__wrapper\">\n<iframe loading=\"lazy\" title=\"2015World SPINTOP Final 01 TAO Jorge Alcoz\" width=\"900\" height=\"506\" src=\"https:\/\/www.youtube.com\/embed\/B7NvQjnpdso?feature=oembed\" frameborder=\"0\" allow=\"accelerometer; autoplay; clipboard-write; encrypted-media; gyroscope; picture-in-picture; web-share\" referrerpolicy=\"strict-origin-when-cross-origin\" allowfullscreen><\/iframe>\n<\/div><figcaption class=\"wp-element-caption\">Jorge Alcoz &#8211; Tao (Uruguay)<\/figcaption><\/figure>\n\n\n\n<p> <strong>2014 &#8211; Prague, Czech Republic <\/strong><br>Freestyle Championship:<br>1st Place:  Tyler Young (USA)<br>2nd Place:  Daniel Konecny (Czech Republic)<br>3rd Place:   Jakub Konecny   (Czech Republic )   <\/p>\n\n\n\n<figure class=\"wp-block-embed is-type-video is-provider-youtube wp-block-embed-youtube wp-embed-aspect-16-9 wp-has-aspect-ratio\"><div class=\"wp-block-embed__wrapper\">\n<iframe loading=\"lazy\" title=\"2014 World Spintop Contest - 1st - Tyler Young, USA\" width=\"900\" height=\"506\" src=\"https:\/\/www.youtube.com\/embed\/ofUR1s73VLk?feature=oembed\" frameborder=\"0\" allow=\"accelerometer; autoplay; clipboard-write; encrypted-media; gyroscope; picture-in-picture; web-share\" referrerpolicy=\"strict-origin-when-cross-origin\" allowfullscreen><\/iframe>\n<\/div><figcaption class=\"wp-element-caption\">Tyler Young (USA)<\/figcaption><\/figure>\n\n\n\n<p> <strong>2013 &#8211; Orlando, Florida, USA <\/strong><br>Freestyle Championship:<br>1st Place:  Gustavo Castro (Mexico)<br>2nd Place:  Tyler Young (USA)<br>3rd Place:   Salvador Martinez  (Mexico )   <\/p>\n\n\n\n<figure class=\"wp-block-embed is-type-video is-provider-youtube wp-block-embed-youtube wp-embed-aspect-16-9 wp-has-aspect-ratio\"><div class=\"wp-block-embed__wrapper\">\n<iframe loading=\"lazy\" title=\"2013World Spintop Freestyle 01 Gustavo Castro\" width=\"900\" height=\"506\" src=\"https:\/\/www.youtube.com\/embed\/YafwHx2vsB8?feature=oembed\" frameborder=\"0\" allow=\"accelerometer; autoplay; clipboard-write; encrypted-media; gyroscope; picture-in-picture; web-share\" referrerpolicy=\"strict-origin-when-cross-origin\" allowfullscreen><\/iframe>\n<\/div><figcaption class=\"wp-element-caption\">Gustavo Castro (Mexico)<\/figcaption><\/figure>\n\n\n\n<p><strong> 2012 &#8211; Orlando, Florida, USA<\/strong><br>Freestyle Championship:<br>1st Place:  Carlos Solis (Nicaragua)<br>2nd Place:  Brian Caster (USA)<br>3rd Place:   Mark Hayward  (USA )   <\/p>\n\n\n\n<figure class=\"wp-block-embed is-type-video is-provider-youtube wp-block-embed-youtube wp-embed-aspect-16-9 wp-has-aspect-ratio\"><div class=\"wp-block-embed__wrapper\">\n<iframe loading=\"lazy\" title=\"2012World Spintop Freestyle 01 Carlos Solis\" width=\"900\" height=\"506\" src=\"https:\/\/www.youtube.com\/embed\/b_21rlT8JZ0?feature=oembed\" frameborder=\"0\" allow=\"accelerometer; autoplay; clipboard-write; encrypted-media; gyroscope; picture-in-picture; web-share\" referrerpolicy=\"strict-origin-when-cross-origin\" allowfullscreen><\/iframe>\n<\/div><\/figure>\n\n\n\n<p><strong>2011 &#8211; <\/strong> <strong>Orlando, Florida, USA<\/strong> <br>Combined:<br>1st &#8211; Chris Neff<br>2nd &#8211; Daren Kim<br>3rd &#8211; Omar Garza<br>Fixed division:<br>1st &#8211; Mike Hout<br>2nd &#8211; Chris Neff<br>3rd. Darem Kim<\/p>\n\n\n\n<p><strong>2010 &#8211;<\/strong>  <strong>Orlando, Florida, USA<\/strong> <br>1st &#8211; Daren Kim<br>2nd &#8211; Chris Neff<br>3rd &#8211; Mike Hout<\/p>\n\n\n\n<p><strong>2009 &#8211;<\/strong>  <strong>Orlando, Florida, USA<\/strong> <br>1st &#8211; Jorge Alcoz<br>2nd &#8211; Felix Avellana<br>3rd &#8211; Mike Hout<\/p>\n\n\n\n<p><strong>2008 &#8211;<\/strong>  <strong>Orlando, Florida, USA<\/strong><br>1st &#8211; Jon Gates<br>2nd &#8211; Mike Hout<br>3rd &#8211; Tom Connoly <\/p>\n\n\n\n<p><strong>2007 &#8211;<\/strong>  <strong>Orlando, Florida, USA<\/strong> <br>1st &#8211; Matt Ritter<br>2nd &#8211; Takeshi Kamisato<br>3rd &#8211; Jorge Alcoz<\/p>\n\n\n\n<p><strong>2006 &#8211;<\/strong>  <strong>Orlando, Florida, USA<\/strong> <br>1st &#8211; Matt Ritter<br>2nd &#8211; Takeshi Kamisato<br>3rd &#8211; Alan Gray<\/p>\n\n\n\n<p><strong>2005-<\/strong>  <strong>Orlando, Florida, USA<\/strong> <br>1st &#8211; Dave Bazan<br>2nd &#8211; Jon Gates<br>3rd &#8211; Takeshi Kamisato<\/p>\n\n\n\n<p><strong>2004 &#8211;<\/strong>  <strong>Orlando, Florida, USA<\/strong> <br>1st &#8211; Matt Ritter<br>2nd &#8211; Miguel Correa<br>3rd &#8211; Jon Gates<\/p>\n\n\n\n<p><strong>2003 &#8211;<\/strong>  <strong>Orlando, Florida, USA<\/strong> <br>1st &#8211; Miguel Correa<br>2nd &#8211; Andr\u00e9 Boulay<br>3rd &#8211; Takeshi Kamisato<\/p>\n\n\n\n<p><strong>2002 &#8211;<\/strong>    <strong>Orlando, Florida, USA<\/strong> <br>1st &#8211; Dave Bazan<br>2nd &#8211; Felix Avellana<br>3rd &#8211; Mark Hayward<\/p>\n\n\n\n<p><strong>2001-<\/strong> <strong>Orlando, Florida, USA<\/strong><br>1st &#8211; Felix Avellana<br>2nd &#8211; Dale Oliver<br>3rd &#8211; Mark Vargas<\/p>\n\n\n\n<p><strong>2000 &#8211;<\/strong> <strong>First Spintop World Contest, Orlando, USA<\/strong><br>1st &#8211; Jon Gates<br>2nd &#8211; Steve Brown<br>3rd &#8211; Dale Oliver<\/p>\n\n\n\n<p><\/p>\n\n\n\n<h2 class=\"wp-block-heading\"><\/h2>\n\n\n\n<p><\/p>\n","protected":false},"excerpt":{"rendered":"<p>2026 Torneo Mundial: Tokio, Jap\u00f3n Tendr\u00e1 lugar el 31 de octubre y 1 de noviembreM\u00e1s informaci\u00f3n: https:\/\/spintops.org\/2026-world-contest-tokyo\/ Tambi\u00e9n campeonato mundial en l\u00ednea (fecha l\u00edmite 5 de julio)M\u00e1s informaci\u00f3n: https:\/\/spintops.org\/2026-online-contest-rules\/ 2025 Torneo Mundial: Ciudad de M\u00e9xico, M\u00e9xico Divisi\u00f3n abierta1st Place: Jun Shimamura (Japan)2nd Place: Kanta Tani (Japan)3rd Place: Yahir Ortega (Mexico)Resultados completos Tambi\u00e9n hubo un torneo &#8230;.&nbsp;&nbsp;<a class=\" special\" href=\"https:\/\/spintops.org\/es\/world-spintop-contest\/\">Read More<\/a><\/p>\n","protected":false},"author":1,"featured_media":0,"parent":0,"menu_order":0,"comment_status":"closed","ping_status":"closed","template":"","meta":{"pagelayer_contact_templates":[],"_pagelayer_content":"","_locale":"es_ES","_original_post":"https:\/\/spintops.org\/?page_id=57","footnotes":""},"class_list":["post-1000","page","type-page","status-publish","hentry","es-ES"],"_links":{"self":[{"href":"https:\/\/spintops.org\/wp-json\/wp\/v2\/pages\/1000","targetHints":{"allow":["GET"]}}],"collection":[{"href":"https:\/\/spintops.org\/wp-json\/wp\/v2\/pages"}],"about":[{"href":"https:\/\/spintops.org\/wp-json\/wp\/v2\/types\/page"}],"author":[{"embeddable":true,"href":"https:\/\/spintops.org\/wp-json\/wp\/v2\/users\/1"}],"replies":[{"embeddable":true,"href":"https:\/\/spintops.org\/wp-json\/wp\/v2\/comments?post=1000"}],"version-history":[{"count":20,"href":"https:\/\/spintops.org\/wp-json\/wp\/v2\/pages\/1000\/revisions"}],"predecessor-version":[{"id":3037,"href":"https:\/\/spintops.org\/wp-json\/wp\/v2\/pages\/1000\/revisions\/3037"}],"wp:attachment":[{"href":"https:\/\/spintops.org\/wp-json\/wp\/v2\/media?parent=1000"}],"curies":[{"name":"wp","href":"https:\/\/api.w.org\/{rel}","templated":true}]}}