{"id":258,"date":"2020-08-06T20:03:36","date_gmt":"2020-08-06T20:03:36","guid":{"rendered":"https:\/\/spintops.org\/?page_id=258"},"modified":"2020-10-11T13:53:50","modified_gmt":"2020-10-11T13:53:50","slug":"world-contest","status":"publish","type":"page","link":"https:\/\/spintops.org\/es\/world-contest\/","title":{"rendered":"Campeonato Mundial"},"content":{"rendered":"<ul class=\"bogo-language-switcher list-view\"><li class=\"en-US en first\"><span class=\"bogoflags bogoflags-us\"><\/span> <span class=\"bogo-language-name\"><a rel=\"alternate\" hreflang=\"en-US\" href=\"https:\/\/spintops.org\/wp-json\/wp\/v2\/pages\/258\/\" title=\"Ingl\u00e9s\">English<\/a><\/span><\/li>\n<li class=\"es-ES es current\"><span class=\"bogoflags bogoflags-es\"><\/span> <span class=\"bogo-language-name\"><a rel=\"alternate\" hreflang=\"es-ES\" href=\"https:\/\/spintops.org\/es\/wp-json\/wp\/v2\/pages\/258\/\" title=\"Espa\u00f1ol\" class=\"current\" aria-current=\"page\">Espa\u00f1ol<\/a><\/span><\/li>\n<li class=\"ja last\"><span class=\"bogoflags bogoflags-jp\"><\/span> <span class=\"bogo-language-name\"><a rel=\"alternate\" hreflang=\"ja\" href=\"https:\/\/spintops.org\/ja\/wp-json\/wp\/v2\/pages\/258\/\" title=\"Japon\u00e9s\">\u65e5\u672c\u8a9e<\/a><\/span><\/li>\n<\/ul>\n\n\n\n<h2 class=\"has-text-align-center wp-block-heading\">Campeonato Mundial de Trompo 2020<\/h2>\n\n\n\n<figure class=\"wp-block-image size-large\"><img loading=\"lazy\" decoding=\"async\" width=\"250\" height=\"196\" src=\"https:\/\/spintops.org\/wp-content\/uploads\/2020\/07\/WorldLogo2020_small.gif\" alt=\"\" class=\"wp-image-194\"\/><\/figure>\n\n\n\n<p>Debido a la pandemia del Covid-19, este a\u00f1o el Mundial de Trompos 2020 tendr\u00e1 lugar a trav\u00e9s de la red Internet. <br>Los t\u00edtulos otorgados son t\u00edtulos mundiales oficiales homologados por ITSA.<br>Fecha l\u00edmite de inscripci\u00f3n: 11 de octubre, 2020<br>Fecha l\u00edmite para enviar video: 25 de octubre, 2020<br>Ceremonia de premiaci\u00f3n: 31 de octubre, 2020<\/p>\n\n\n\n<p><a href=\"https:\/\/spintops.org\/es\/world-contest\/registration-2020\/\">Inscripci\u00f3n<\/a><br><a href=\"https:\/\/spintops.org\/es\/world-contest\/2020-rules\/\">Reglamento<\/a><br><a href=\"https:\/\/spintops.org\/es\/world-contest\/ladder-trick-list-2020\/\">Lista de Trucos divisi\u00f3n Sport<\/a><a href=\"https:\/\/spintops.org\/world-spintop-contest\/2020-sport-trick-list\/\"><\/a><br><a href=\"https:\/\/spintops.org\/2020-contestants\/\">Lista de Jugadores inscriptos<\/a><\/p>\n\n\n\n<h2 class=\"wp-block-heading\">Mundial 2021: Budapest (Hungr\u00eda)<\/h2>\n\n\n\n<figure class=\"wp-block-image size-large\"><img decoding=\"async\" src=\"https:\/\/i.ibb.co\/48rr3QX\/image.png\" alt=\"\"\/><\/figure>\n\n\n\n<h2 class=\"wp-block-heading\">Mundiales Previos:<\/h2>\n\n\n\n<p><strong>2019 &#8211; Cleveland, Ohio, USA<\/strong><br>Freestyle Championship:<br>1st Place (tie): Jose Madrigal (USA)<br>1st Place (tie): Eli Erickson (USA)<br>3rd Place: Takahiko Hasegawa (Japan)<\/p>\n\n\n\n<figure class=\"wp-block-embed-wordpress wp-block-embed is-type-video is-provider-youtube\"><div class=\"wp-block-embed__wrapper\">\n<iframe loading=\"lazy\" title=\"2019World Final SPINTOP 01 Jose J Madrigal WORLD YOYO CONTEST 2019 Presented by Cloud Native Inc WYY\" width=\"900\" height=\"506\" src=\"https:\/\/www.youtube.com\/embed\/IdC2nnrcWB0?feature=oembed\" frameborder=\"0\" allow=\"accelerometer; autoplay; encrypted-media; gyroscope; picture-in-picture\" allowfullscreen><\/iframe>\n<\/div><figcaption>Jose Madrigal (USA)<\/figcaption><\/figure>\n\n\n\n<figure class=\"wp-block-embed-vimeo wp-block-embed is-type-video is-provider-vimeo wp-embed-aspect-16-9 wp-has-aspect-ratio\"><div class=\"wp-block-embed__wrapper\">\n<iframe loading=\"lazy\" title=\"World spintop freestyle 2019 Eli Hickerson (co-champion)\" src=\"https:\/\/player.vimeo.com\/video\/356696826?dnt=1&amp;app_id=122963\" width=\"900\" height=\"489\" frameborder=\"0\" allow=\"autoplay; fullscreen\" allowfullscreen><\/iframe>\n<\/div><figcaption>Eli Hickerson (USA)<\/figcaption><\/figure>\n\n\n\n<p><strong>2018 &#8211; Shanghai, China<\/strong><br>Freestyle Championship: <br>1st Place &#8211;  Kanta Tani  (Japan)<br>2nd Place &#8211; Jun Shimamura (Japan)<br>3rd Place &#8211;  Takahiko Hasegawa (Japan) <\/p>\n\n\n\n<figure class=\"wp-block-embed-youtube wp-block-embed is-type-video is-provider-youtube wp-embed-aspect-16-9 wp-has-aspect-ratio\"><div class=\"wp-block-embed__wrapper\">\n<iframe loading=\"lazy\" title=\"WYYC 2018 Spintop 1st Kanta Tani\" width=\"900\" height=\"506\" src=\"https:\/\/www.youtube.com\/embed\/x_pQZJVM6Fk?feature=oembed\" frameborder=\"0\" allow=\"accelerometer; autoplay; encrypted-media; gyroscope; picture-in-picture\" allowfullscreen><\/iframe>\n<\/div><figcaption>Kanta Tani (Japan)<\/figcaption><\/figure>\n\n\n\n<p> <strong>2017 &#8211;  Reykjavik, Iceland <\/strong><br>Freestyle Championship: <br>1st Place &#8211;   Jakub Konecny   (Czech Republic)<br>2nd Place &#8211;  Daniel Konecny  (Czech Republic)<br>3rd Place &#8211;  Jose Madrigal  (USA)  <\/p>\n\n\n\n<figure class=\"wp-block-embed-youtube wp-block-embed is-type-video is-provider-youtube wp-embed-aspect-16-9 wp-has-aspect-ratio\"><div class=\"wp-block-embed__wrapper\">\n<iframe loading=\"lazy\" title=\"2017World SPINTOP 01 Jakub Konecny\" width=\"900\" height=\"506\" src=\"https:\/\/www.youtube.com\/embed\/CVRL5azLQkY?feature=oembed\" frameborder=\"0\" allow=\"accelerometer; autoplay; encrypted-media; gyroscope; picture-in-picture\" allowfullscreen><\/iframe>\n<\/div><figcaption> Jakub Konecny (Czech Republic)<\/figcaption><\/figure>\n\n\n\n<p> <strong>2016 &#8211; <\/strong> <strong>Cleveland, Ohio, USA <\/strong><br>Freestyle Championship:<br>1st Place: Chris Neff (USA)<br>2nd Place: Eli Erickson (USA)<br>3rd Place: Takahiko Hasegawa (Japan) <\/p>\n\n\n\n<figure class=\"wp-block-embed-youtube wp-block-embed is-type-video is-provider-youtube wp-embed-aspect-16-9 wp-has-aspect-ratio\"><div class=\"wp-block-embed__wrapper\">\n<iframe loading=\"lazy\" title=\"Chris Neff - Spin Top - 1st Place - 2016 World YoYo Contest\" width=\"900\" height=\"506\" src=\"https:\/\/www.youtube.com\/embed\/gQJJG4pQjEc?feature=oembed\" frameborder=\"0\" allow=\"accelerometer; autoplay; encrypted-media; gyroscope; picture-in-picture\" allowfullscreen><\/iframe>\n<\/div><figcaption>Chris Neff (USA)<\/figcaption><\/figure>\n\n\n\n<p><strong>2015 &#8211; Tokyo, Japan <\/strong><br>Freestyle Championship:<br>1st Place: Jorge Alcoz (Uruguay)<br>2nd Place: Kazuhito Miki  (Japan)<br>3rd Place:  Keita Watanabe  (Japan)  <\/p>\n\n\n\n<figure class=\"wp-block-embed-youtube wp-block-embed is-type-video is-provider-youtube wp-embed-aspect-16-9 wp-has-aspect-ratio\"><div class=\"wp-block-embed__wrapper\">\n<iframe loading=\"lazy\" title=\"2015World SPINTOP Final 01 TAO Jorge Alcoz\" width=\"900\" height=\"506\" src=\"https:\/\/www.youtube.com\/embed\/B7NvQjnpdso?feature=oembed\" frameborder=\"0\" allow=\"accelerometer; autoplay; encrypted-media; gyroscope; picture-in-picture\" allowfullscreen><\/iframe>\n<\/div><figcaption>Jorge Alcoz &#8211; Tao (Uruguay)<\/figcaption><\/figure>\n\n\n\n<p> <strong>2014 &#8211; Prague, Czech Republic <\/strong><br>Freestyle Championship:<br>1st Place:  Tyler Young (USA)<br>2nd Place:  Daniel Konecny (Czech Republic)<br>3rd Place:   Jakub Konecny   (Czech Republic )   <\/p>\n\n\n\n<figure class=\"wp-block-embed-youtube wp-block-embed is-type-video is-provider-youtube wp-embed-aspect-16-9 wp-has-aspect-ratio\"><div class=\"wp-block-embed__wrapper\">\n<iframe loading=\"lazy\" title=\"2014 World Spintop Contest - 1st - Tyler Young, USA\" width=\"900\" height=\"506\" src=\"https:\/\/www.youtube.com\/embed\/ofUR1s73VLk?feature=oembed\" frameborder=\"0\" allow=\"accelerometer; autoplay; encrypted-media; gyroscope; picture-in-picture\" allowfullscreen><\/iframe>\n<\/div><figcaption>Tyler Young (USA)<\/figcaption><\/figure>\n\n\n\n<p> <strong>2013 &#8211; Orlando, Florida, USA <\/strong><br>Freestyle Championship:<br>1st Place:  Gustavo Castro (Mexico)<br>2nd Place:  Tyler Young (USA)<br>3rd Place:   Salvador Martinez  (Mexico )   <\/p>\n\n\n\n<figure class=\"wp-block-embed-youtube wp-block-embed is-type-video is-provider-youtube wp-embed-aspect-16-9 wp-has-aspect-ratio\"><div class=\"wp-block-embed__wrapper\">\n<iframe loading=\"lazy\" title=\"2013World Spintop Freestyle 01 Gustavo Castro\" width=\"900\" height=\"506\" src=\"https:\/\/www.youtube.com\/embed\/YafwHx2vsB8?feature=oembed\" frameborder=\"0\" allow=\"accelerometer; autoplay; encrypted-media; gyroscope; picture-in-picture\" allowfullscreen><\/iframe>\n<\/div><figcaption>Gustavo Castro (Mexico)<\/figcaption><\/figure>\n\n\n\n<p><strong> 2012 &#8211; Orlando, Florida, USA<\/strong><br>Freestyle Championship:<br>1st Place:  Carlos Solis (Nicaragua)<br>2nd Place:  Brian Caster (USA)<br>3rd Place:   Mark Hayward  (USA )   <\/p>\n\n\n\n<figure class=\"wp-block-embed-youtube wp-block-embed is-type-video is-provider-youtube wp-embed-aspect-16-9 wp-has-aspect-ratio\"><div class=\"wp-block-embed__wrapper\">\n<iframe loading=\"lazy\" title=\"2012World Spintop Freestyle 01 Carlos Solis\" width=\"900\" height=\"506\" src=\"https:\/\/www.youtube.com\/embed\/b_21rlT8JZ0?feature=oembed\" frameborder=\"0\" allow=\"accelerometer; autoplay; encrypted-media; gyroscope; picture-in-picture\" allowfullscreen><\/iframe>\n<\/div><\/figure>\n\n\n\n<p><strong>2011 &#8211; <\/strong> <strong>Orlando, Florida, USA<\/strong> <br>Combined:<br>1st &#8211; Chris Neff<br>2nd &#8211; Daren Kim<br>3rd &#8211; Omar Garza<br>Fixed division:<br>1st &#8211; Mike Hout<br>2nd &#8211; Chris Neff<br>3rd. Darem Kim<\/p>\n\n\n\n<p><strong>2010 &#8211;<\/strong>  <strong>Orlando, Florida, USA<\/strong> <br>1st &#8211; Daren Kim<br>2nd &#8211; Chris Neff<br>3rd &#8211; Mike Hout<\/p>\n\n\n\n<p><strong>2009 &#8211;<\/strong>  <strong>Orlando, Florida, USA<\/strong> <br>1st &#8211; Jorge Alcoz<br>2nd &#8211; Felix Avellana<br>3rd &#8211; Mike Hout<\/p>\n\n\n\n<p><strong>2008 &#8211;<\/strong>  <strong>Orlando, Florida, USA<\/strong><br>1st &#8211; Jon Gates<br>2nd &#8211; Mike Hout<br>3rd &#8211; Tom Connoly <\/p>\n\n\n\n<p><strong>2007 &#8211;<\/strong>  <strong>Orlando, Florida, USA<\/strong> <br>1st &#8211; Matt Ritter<br>2nd &#8211; Takeshi Kamisato<br>3rd &#8211; Jorge Alcoz<\/p>\n\n\n\n<p><strong>2006 &#8211;<\/strong>  <strong>Orlando, Florida, USA<\/strong> <br>1st &#8211; Matt Ritter<br>2nd &#8211; Takeshi Kamisato<br>3rd &#8211; Alan Gray<\/p>\n\n\n\n<p><strong>2005-<\/strong>  <strong>Orlando, Florida, USA<\/strong> <br>1st &#8211; Dave Bazan<br>2nd &#8211; Jon Gates<br>3rd &#8211; Takeshi Kamisato<\/p>\n\n\n\n<p><strong>2004 &#8211;<\/strong>  <strong>Orlando, Florida, USA<\/strong> <br>1st &#8211; Matt Ritter<br>2nd &#8211; Miguel Correa<br>3rd &#8211; Jon Gates<\/p>\n\n\n\n<p><strong>2003 &#8211;<\/strong>  <strong>Orlando, Florida, USA<\/strong> <br>1st &#8211; Miguel Correa<br>2nd &#8211; Andr\u00e9 Boulay<br>3rd &#8211; Takeshi Kamisato<\/p>\n\n\n\n<p><strong>2002 &#8211;<\/strong>    <strong>Orlando, Florida, USA<\/strong> <br>1st &#8211; Dave Bazan<br>2nd &#8211; Felix Avellana<br>3rd &#8211; Mark Hayward<\/p>\n\n\n\n<p><strong>2001-<\/strong> <strong>Orlando, Florida, USA<\/strong><br>1st &#8211; Felix Avellana<br>2nd &#8211; Dale Oliver<br>3rd &#8211; Mark Vargas<\/p>\n\n\n\n<p><strong>2000 &#8211;<\/strong> <strong>First Spintop World Contest, Orlando, USA<\/strong><br>1st &#8211; Jon Gates<br>2nd &#8211; Steve Brown<br>3rd &#8211; Dale Oliver<\/p>\n","protected":false},"excerpt":{"rendered":"<p>Campeonato Mundial de Trompo 2020 Debido a la pandemia del Covid-19, este a\u00f1o el Mundial de Trompos 2020 tendr\u00e1 lugar a trav\u00e9s de la red Internet. Los t\u00edtulos otorgados son t\u00edtulos mundiales oficiales homologados por ITSA.Fecha l\u00edmite de inscripci\u00f3n: 11 de octubre, 2020Fecha l\u00edmite para enviar video: 25 de octubre, 2020Ceremonia de premiaci\u00f3n: 31 de &#8230;.&nbsp;&nbsp;<a class=\" special\" href=\"https:\/\/spintops.org\/es\/world-contest\/\">Read More<\/a><\/p>\n","protected":false},"author":1,"featured_media":0,"parent":0,"menu_order":0,"comment_status":"closed","ping_status":"closed","template":"","meta":{"pagelayer_contact_templates":[],"_pagelayer_content":"","_locale":"es_ES","_original_post":"https:\/\/spintops.org\/?page_id=256","footnotes":""},"class_list":["post-258","page","type-page","status-publish","hentry","es-ES"],"_links":{"self":[{"href":"https:\/\/spintops.org\/wp-json\/wp\/v2\/pages\/258","targetHints":{"allow":["GET"]}}],"collection":[{"href":"https:\/\/spintops.org\/wp-json\/wp\/v2\/pages"}],"about":[{"href":"https:\/\/spintops.org\/wp-json\/wp\/v2\/types\/page"}],"author":[{"embeddable":true,"href":"https:\/\/spintops.org\/wp-json\/wp\/v2\/users\/1"}],"replies":[{"embeddable":true,"href":"https:\/\/spintops.org\/wp-json\/wp\/v2\/comments?post=258"}],"version-history":[{"count":8,"href":"https:\/\/spintops.org\/wp-json\/wp\/v2\/pages\/258\/revisions"}],"predecessor-version":[{"id":569,"href":"https:\/\/spintops.org\/wp-json\/wp\/v2\/pages\/258\/revisions\/569"}],"wp:attachment":[{"href":"https:\/\/spintops.org\/wp-json\/wp\/v2\/media?parent=258"}],"curies":[{"name":"wp","href":"https:\/\/api.w.org\/{rel}","templated":true}]}}