{"id":2799,"date":"2025-09-25T17:44:04","date_gmt":"2025-09-25T17:44:04","guid":{"rendered":"https:\/\/spintops.org\/?page_id=2799"},"modified":"2025-10-15T22:46:25","modified_gmt":"2025-10-15T22:46:25","slug":"rules-world-mexico-2025","status":"publish","type":"page","link":"https:\/\/spintops.org\/es\/rules-world-mexico-2025\/","title":{"rendered":"Reglamento Mundial M\u00e9xico 2025"},"content":{"rendered":"<ul class=\"bogo-language-switcher list-view\"><li class=\"en-US en first\"><span class=\"bogoflags bogoflags-us\"><\/span> <span class=\"bogo-language-name\"><a rel=\"alternate\" hreflang=\"en-US\" href=\"https:\/\/spintops.org\/wp-json\/wp\/v2\/pages\/2799\/\" title=\"Ingl\u00e9s\">English<\/a><\/span><\/li>\n<li class=\"es-ES es current\"><span class=\"bogoflags bogoflags-es\"><\/span> <span class=\"bogo-language-name\"><a rel=\"alternate\" hreflang=\"es-ES\" href=\"https:\/\/spintops.org\/es\/wp-json\/wp\/v2\/pages\/2799\/\" title=\"Espa\u00f1ol\" class=\"current\" aria-current=\"page\">Espa\u00f1ol<\/a><\/span><\/li>\n<li class=\"ja last\"><span class=\"bogoflags bogoflags-jp\"><\/span> <span class=\"bogo-language-name\"><a rel=\"alternate\" hreflang=\"ja\" href=\"https:\/\/spintops.org\/ja\/wp-json\/wp\/v2\/pages\/2799\/\" title=\"Japon\u00e9s\">\u65e5\u672c\u8a9e<\/a><\/span><\/li>\n<\/ul>\n\n\n\n<h2 class=\"wp-block-heading\">Octubre 11 y 12, Ciudad de M\u00e9xico<\/h2>\n\n\n\n<figure class=\"wp-block-image size-large\"><img loading=\"lazy\" decoding=\"async\" width=\"1024\" height=\"682\" src=\"https:\/\/spintops.org\/wp-content\/uploads\/2025\/10\/Banner-Mexico2025-1024x682.jpg\" alt=\"\" class=\"wp-image-2881\" srcset=\"https:\/\/spintops.org\/wp-content\/uploads\/2025\/10\/Banner-Mexico2025-1024x682.jpg 1024w, https:\/\/spintops.org\/wp-content\/uploads\/2025\/10\/Banner-Mexico2025-300x200.jpg 300w, https:\/\/spintops.org\/wp-content\/uploads\/2025\/10\/Banner-Mexico2025-768x512.jpg 768w, https:\/\/spintops.org\/wp-content\/uploads\/2025\/10\/Banner-Mexico2025-1536x1023.jpg 1536w, https:\/\/spintops.org\/wp-content\/uploads\/2025\/10\/Banner-Mexico2025-830x553.jpg 830w, https:\/\/spintops.org\/wp-content\/uploads\/2025\/10\/Banner-Mexico2025-230x153.jpg 230w, https:\/\/spintops.org\/wp-content\/uploads\/2025\/10\/Banner-Mexico2025.jpg 1600w\" sizes=\"auto, (max-width: 1024px) 100vw, 1024px\" \/><\/figure>\n\n\n\n<p><strong>A<\/strong>. <strong><strong>Elegibilidad<\/strong><\/strong><br>1. La competencia est\u00e1 abierta a jugadores de todo el mundo.<br>2. Inscripci\u00f3n<br>Pre-inscripci\u00f3n en l\u00ednea es requerida.<br>Fecha l\u00edmite pare inscribirse:<br> <strong>October 3<\/strong> para la divisi\u00f3n Abierta, <strong>September 29th<\/strong> para la divisi\u00f3n Art\u00edstica.<br>Si a\u00fan quedaran espacios de tiempo, inscripciones para la categor\u00eda Juvenil (Ligera) pueden ser aceptadas antes de las 10:00 hrs del s\u00e1bado 11 en el lugar del evento. <br>Usar este: <a href=\"https:\/\/spintops.org\/es\/registration-mexico-2025\/\" data-type=\"page\" data-id=\"2705\">Formulario de Registro<\/a><br>3. Costo<br>Inscripciones para la divisi\u00f3n Juvenil (Ligera) son gratuitas.<br>Inscripciones para la divisi\u00f3n Abierta y la divisi\u00f3n Art\u00edstica son gratis para miembros de ITSA. Si no es un miembro actual con la membres\u00eda al d\u00eda, la inscripci\u00f3n son 10 d\u00f3lares.<br>4. Calificaci\u00f3n<br>Al registrarse, los competidores de la divisiones Abierta y Juvenil debe proveer un enlace a un video en medios sociales donde muestre un m\u00ednimo de habilidad para hacer un estilo libre. Jugadores que hayan competido en torneos organizados por ITSA est\u00e1n exonerados de este requerimiento.<br><br><strong>B. Divisiones<\/strong><br>1- Estilo Libre Abierto (Open Freestyle Division)<br>2- Estilo Libre Juvenil\/Ligero (Youth\/Light) Division) <br>3- Divisi\u00f3n Art\u00edstica (Artistic Showcase Division)<br>Los jugadores pueden inscribirse en m\u00e1s de una rutina (un solo pago).<\/p>\n\n\n\n<p><strong>C. M\u00fasica<\/strong><br>1. Los jugadores de la divisi\u00f3n juvenil competir\u00e1n con m\u00fasica provista por los organizadores.<br>2. Los jugadores de la Divisi\u00f3n Abierta deben proveer una pista de m\u00fasica de 3 minutos. Por favor, enviar por correo electr\u00f3nico a <strong>worlds2025@<a href=\"http:\/\/spintops.org\" target=\"_blank\" rel=\"noreferrer noopener\">spintops.org<\/a><\/strong>. La fecha l\u00edmite es el 7 de octubre para la divisi\u00f3n Abierta y el 30 de setiembre para la divisi\u00f3n Art\u00edstica. Traer por si acaso tambi\u00e9n la m\u00fasica en persona en una memoria USB en caso de que haya problemas.<br>3. Los equipos de la Divisi\u00f3n Art\u00edstica deben coordinar con los organizadores por sus requerimientos especiales.<\/p>\n\n\n\n<p><strong>D. Derechos de Autor y Responsabilidad de Accidentes<\/strong><br>1. El jugador otorga a los organizadores el derecho irrevocable e ilimitado, sin compensaci\u00f3n, a usar videos y fotos del evento, para promover los fines de la organizaci\u00f3n.<br>2. El jugador acepta que siendo una actividad f\u00edsica existe la posibilidad de accidentes y exonera a los organizadores de accidentes que ocurran debido al juego del trompo y actividades relacionadas.<\/p>\n\n\n\n<p><strong>E. Reglas de la Divisi\u00f3n Abierta<\/strong><br>1. Consiste en un estilo libre con m\u00fasica con una duraci\u00f3n de hasta <strong>3 minutos<\/strong>.<br>2. Cualquier trompo es permitido, incluyendo punta fija, punta de rodamiento y punta que gira en un solo sentido, as\u00ed como trompos de gran tama\u00f1o. El n\u00famero de trompos usados o de reserva no est\u00e1 limitado, pero el jugador no puede salir del escenario para recuperarlos. Todos los trompos deben ser enrollados por el jugador, sin ayuda de otros. <br>3. Dependiendo del n\u00famero de jugadores, rondas de calificaci\u00f3n de 1 minuto o 2 minutos pueden tener lugar. Jugadores que hayan quedado entre los 5 primeros lugares de la competencia presencial del 2024 o de la competencia en l\u00ednea del 2025, van directamente a la final.<br>4. El ganador ser\u00e1 declarado Campe\u00f3n Mundial de Trompo ITSA 2025 (2025 ITSA World Spintop Champion).<\/p>\n\n\n\n<p><strong>F. Divisi\u00f3n Juvenil (Ligera)<\/strong><br>1. Consiste en un estilo libre con m\u00fasica de una duraci\u00f3n de <strong>1 minuto y medio (1m:30s)<\/strong>.<br>2. Abierto a jugadores de 12 a\u00f1os o menores (al 1ro de octubre).<br>3. Solo se podr\u00e1n usar <strong>trompos que pesen 70 gramos o menos<\/strong>. Los jueces pueden pesar los trompos antes o despu\u00e9s de que el jugador est\u00e9 en el escenario.<\/p>\n\n\n\n<p><strong>G. Divisi\u00f3n Art\u00edstica<\/strong><br>1. Equipos de 1 a 4 jugadores pueden participar.<br>2. El tema del show debe tener una clara relaci\u00f3n con el juego del trompo pero esto puede ser interpretado de una forma muy creativa. No hay l\u00edmite en el uso de objetos\/utiler\u00eda adicionales.<br>3. La performance consistir\u00e1 en una rutina de entre 2 y 7 minutos de duraci\u00f3n.<br>4. Los organizadores solo proveer\u00e1n el sistema de audio, iluminaci\u00f3n b\u00e1sica y, si se solicita, una mesa y hasta 4 sillas. Es la responsabilidad del equipo preparar el escenario con la utiler\u00eda requerida y de quitarla luego. La preparaci\u00f3n y la limpieza no pueden tomar m\u00e1s de 5 minutos cada una. Se podr\u00e1n hacer excepciones si se coordina con los organizadores.<br>5. El show debe ser apto para todo p\u00fablico.<\/p>\n\n\n\n<p><strong>H. Puntuaci\u00f3n de Divisi\u00f3n Abierta<\/strong><br>1. Las rutinas obtendr\u00e1n un puntaje t\u00e9cnico de hasta 85 puntos y un puntaje de performance de hasta 15 puntos.<br>2. El puntaje t\u00e9cnico ser\u00e1 calculado sumando el nivel de dificultad, originalidad y riesgo de cada truco completado durante la rutina. Es la decisi\u00f3n del juez si un truco califica como una combinaci\u00f3n de dos trucos o un solo truco m\u00e1s dif\u00edcil. Como forma de incentivar trucos excepcionales en lugar de cantidad de trucos, los jueces pueden dar doble puntaje a trucos espectaculares que hagan la rutina memorable. Como los puntajes van a ser normalizados para cada juez, no es importante la escala que cada juez utilice, siempre y cuando sea consistente de jugador a jugador.<br>3. Los puntajes brutos de cada juez van a ser normalizados de forma que el jugador con mayor puntaje para ese juez sea 85 puntos. Luego los puntajes de los otros jugadores ser\u00e1n divididos por el mayor puntaje bruto y multiplicados por 85. El puntaje de performance ser\u00e1 asignado por la calidad e inter\u00e9s global de la rutina. Cada juez asignar\u00e1 un puntaje entre 1 y 15, sin normalizar.<br>4. El puntaje final ser\u00e1 la suma de los puntajes t\u00e9cnicos normalizados y los puntajes de performance, promediados entre los jueces. <em><br>5. <\/em>El ganador ser\u00e1 el jugador que obtiene el m\u00e1ximo puntaje. Un empate es posible.<\/p>\n\n\n\n<p><strong>I. Puntuaci\u00f3n de la Divisi\u00f3n Juvenil (Ligera)<br><\/strong>1. El puntaje bruto ser\u00e1 calculado sumando el nivel de dificultad, originalidad y riesgo de cada truco completado durante la rutina. Es la decisi\u00f3n del juez si un truco califica como una combinaci\u00f3n de dos trucos o un solo truco m\u00e1s dif\u00edcil. Como forma de incentivar trucos excepcionales en lugar de cantidad de trucos, los jueces pueden dar doble puntaje a trucos espectaculares que hagan la rutina memorable. Como los puntajes van a ser normalizados para cada juez, no es importante la escala que cada juez utilice, siempre y cuando sea consistente de jugador a jugador.<br>2. Los puntajes brutos de cada juez van a ser normalizados de forma que el jugador con mayor puntaje para ese juez sean 100 puntos. Luego los puntajes de los otros jugadores ser\u00e1n divididos por el mayor puntaje bruto y multiplicados por 100.<br>3. El puntaje final ser\u00e1 la suma de los puntajes t\u00e9cnicos normalizados promediados entre los jueces. <br>4. Luego de sumados los puntajes de todos los jueces, la rutina con el mayor puntaje ser\u00e1 el Campe\u00f3n Juvenil ITSA 2025. Un empate es posible.<br><\/p>\n\n\n\n<p><strong>J. Puntuaci\u00f3n Divisi\u00f3n Art\u00edstica<\/strong><br>1. Al menos 5 jueces seleccionados por ITSA, no necesariamente jugadores de trompo.<br>2. Los jueces considerar\u00e1n la calidad global del acto como una performance art\u00edstica y el atractivo para el p\u00fablico general, m\u00e1s la importancia del trompo en crear la rutina y en comunicar su mensaje.<br>3. Cada juez ordenar\u00e1 cada routina entre primera y \u00faltima. El primer lugar tendr\u00e1 1 punto, el segundo 2 puntos, etc.<br>4. Luego de sumar todos los puntajes, el show con el menor puntaje ser\u00e1 el Medalla Oro de la Divisi\u00f3n Art\u00edstica ITSA 2025. Un empate es posible.<\/p>\n\n\n\n<p><br><strong>K. Situaciones no cubiertas por el reglamento<\/strong><br>El panel de jueces decidir\u00e1 en situaciones no cubiertas por el reglamento.<\/p>\n","protected":false},"excerpt":{"rendered":"<p>Octubre 11 y 12, Ciudad de M\u00e9xico A. Elegibilidad1. La competencia est\u00e1 abierta a jugadores de todo el mundo.2. Inscripci\u00f3nPre-inscripci\u00f3n en l\u00ednea es requerida.Fecha l\u00edmite pare inscribirse: October 3 para la divisi\u00f3n Abierta, September 29th para la divisi\u00f3n Art\u00edstica.Si a\u00fan quedaran espacios de tiempo, inscripciones para la categor\u00eda Juvenil (Ligera) pueden ser aceptadas antes de &#8230;.&nbsp;&nbsp;<a class=\" special\" href=\"https:\/\/spintops.org\/es\/rules-world-mexico-2025\/\">Read More<\/a><\/p>\n","protected":false},"author":1,"featured_media":0,"parent":0,"menu_order":0,"comment_status":"closed","ping_status":"closed","template":"","meta":{"pagelayer_contact_templates":[],"_pagelayer_content":"","_locale":"es_ES","_original_post":"https:\/\/spintops.org\/?page_id=2675","footnotes":""},"class_list":["post-2799","page","type-page","status-publish","hentry","es-ES"],"_links":{"self":[{"href":"https:\/\/spintops.org\/wp-json\/wp\/v2\/pages\/2799","targetHints":{"allow":["GET"]}}],"collection":[{"href":"https:\/\/spintops.org\/wp-json\/wp\/v2\/pages"}],"about":[{"href":"https:\/\/spintops.org\/wp-json\/wp\/v2\/types\/page"}],"author":[{"embeddable":true,"href":"https:\/\/spintops.org\/wp-json\/wp\/v2\/users\/1"}],"replies":[{"embeddable":true,"href":"https:\/\/spintops.org\/wp-json\/wp\/v2\/comments?post=2799"}],"version-history":[{"count":12,"href":"https:\/\/spintops.org\/wp-json\/wp\/v2\/pages\/2799\/revisions"}],"predecessor-version":[{"id":2887,"href":"https:\/\/spintops.org\/wp-json\/wp\/v2\/pages\/2799\/revisions\/2887"}],"wp:attachment":[{"href":"https:\/\/spintops.org\/wp-json\/wp\/v2\/media?parent=2799"}],"curies":[{"name":"wp","href":"https:\/\/api.w.org\/{rel}","templated":true}]}}